{"id":25110,"date":"2025-01-17T10:56:36","date_gmt":"2025-01-17T09:56:36","guid":{"rendered":"http:\/\/ferax.pl\/?page_id=25110"},"modified":"2025-04-03T13:25:42","modified_gmt":"2025-04-03T12:25:42","slug":"rajstopy","status":"publish","type":"page","link":"https:\/\/ferax.pl\/en\/rajstopy\/","title":{"rendered":"Tights"},"content":{"rendered":"<div data-elementor-type=\"wp-page\" data-elementor-id=\"25110\" class=\"elementor elementor-25110\">\n\t\t\t\t\t\t<section class=\"elementor-section elementor-top-section elementor-element elementor-element-bc0653f elementor-section-boxed elementor-section-height-default elementor-section-height-default sc_fly_static\" data-id=\"bc0653f\" data-element_type=\"section\" data-settings=\"{&quot;background_background&quot;:&quot;classic&quot;}\">\n\t\t\t\t\t\t<div class=\"elementor-container elementor-column-gap-extended\">\n\t\t\t\t\t<div class=\"elementor-column elementor-col-100 elementor-top-column elementor-element elementor-element-3d35b84 sc_content_align_inherit sc_layouts_column_icons_position_left sc_fly_static\" data-id=\"3d35b84\" data-element_type=\"column\">\n\t\t\t<div class=\"elementor-widget-wrap\">\n\t\t\t\t\t\t\t<\/div>\n\t\t<\/div>\n\t\t\t\t\t<\/div>\n\t\t<\/section>\n\t\t\t\t<section class=\"elementor-section elementor-top-section elementor-element elementor-element-aaae80d elementor-section-boxed elementor-section-height-default elementor-section-height-default sc_fly_static\" data-id=\"aaae80d\" data-element_type=\"section\">\n\t\t\t\t\t\t<div class=\"elementor-container elementor-column-gap-extended\">\n\t\t\t\t\t<div class=\"elementor-column elementor-col-100 elementor-top-column elementor-element elementor-element-5aebce1 sc_content_align_inherit sc_layouts_column_icons_position_left sc_fly_static\" data-id=\"5aebce1\" data-element_type=\"column\">\n\t\t\t<div class=\"elementor-widget-wrap elementor-element-populated\">\n\t\t\t\t\t\t<div data-animation-type=\"block\" class=\"elementor-element elementor-element-8273cec animation_type_block sc_fly_static elementor-invisible elementor-widget elementor-widget-trx_sc_title\" data-id=\"8273cec\" data-element_type=\"widget\" data-settings=\"{&quot;_animation&quot;:&quot;etude-fadeinup&quot;}\" data-widget_type=\"trx_sc_title.default\">\n\t\t\t\t<div class=\"elementor-widget-container\">\n\t\t\t\t\t<div\t\tclass=\"sc_title sc_title_default\" ><span class=\"sc_item_subtitle sc_title_subtitle sc_align_center sc_item_subtitle_above sc_item_title_style_default sc_item_subtitle_with_custom_color trx_addons_inline_80079759\">TIGHTS<\/span><h1 class=\"sc_item_title sc_title_title sc_align_center sc_item_title_style_default sc_item_title_tag\"\n\t\t\t><span class=\"sc_item_title_text\">We produce tights and stockings<\/span><\/h1><\/div>\t\t\t\t<\/div>\n\t\t\t\t<\/div>\n\t\t\t\t<div class=\"elementor-element elementor-element-1907692 sc_fly_static elementor-widget elementor-widget-spacer\" data-id=\"1907692\" data-element_type=\"widget\" data-widget_type=\"spacer.default\">\n\t\t\t\t<div class=\"elementor-widget-container\">\n\t\t\t\t\t\t\t<div class=\"elementor-spacer\">\n\t\t\t<div class=\"elementor-spacer-inner\"><\/div>\n\t\t<\/div>\n\t\t\t\t\t\t<\/div>\n\t\t\t\t<\/div>\n\t\t\t\t<div class=\"elementor-element elementor-element-a6e6f79 sc_fly_static elementor-widget elementor-widget-text-editor\" data-id=\"a6e6f79\" data-element_type=\"widget\" data-widget_type=\"text-editor.default\">\n\t\t\t\t<div class=\"elementor-widget-container\">\n\t\t\t\t\t\t\t\t\t<p><strong>FERAX<\/strong> being a leader in the production of tights, it provides hosiery products that have been appreciated by customers for years. The collections include tights of various thicknesses - from delicate, transparent models perfect for warm days, to opaque and insulated versions for colder seasons. Advanced technologies allow for innovative design solutions and the creation of products with graduated compression, slimming, modeling or push-up effects. Thanks to cooperation with the best suppliers, FERAX ensures the highest quality of yarns with special care, antistatic and enhanced resistance to damage properties.<\/p>\t\t\t\t\t\t\t\t<\/div>\n\t\t\t\t<\/div>\n\t\t\t\t\t<\/div>\n\t\t<\/div>\n\t\t\t\t\t<\/div>\n\t\t<\/section>\n\t\t\t\t<section class=\"elementor-section elementor-top-section elementor-element elementor-element-4bff198 elementor-section-boxed elementor-section-height-default elementor-section-height-default sc_fly_static\" data-id=\"4bff198\" data-element_type=\"section\">\n\t\t\t\t\t\t<div class=\"elementor-container elementor-column-gap-extended\">\n\t\t\t\t\t<div class=\"elementor-column elementor-col-50 elementor-top-column elementor-element elementor-element-4cb354f sc_content_align_inherit sc_layouts_column_icons_position_left sc_fly_static\" data-id=\"4cb354f\" data-element_type=\"column\">\n\t\t\t<div class=\"elementor-widget-wrap elementor-element-populated\">\n\t\t\t\t\t\t<div data-animation-type=\"block\" class=\"elementor-element elementor-element-809f330 animation_type_block sc_fly_static elementor-invisible elementor-widget elementor-widget-trx_sc_title\" data-id=\"809f330\" data-element_type=\"widget\" data-settings=\"{&quot;_animation&quot;:&quot;etude-fadeinup&quot;}\" data-widget_type=\"trx_sc_title.default\">\n\t\t\t\t<div class=\"elementor-widget-container\">\n\t\t\t\t\t<div\t\tclass=\"sc_title sc_title_default\" ><span class=\"sc_item_subtitle sc_title_subtitle sc_item_subtitle_above sc_item_title_style_default sc_item_subtitle_with_custom_color trx_addons_inline_653973618\">CONTACT<\/span><h1 class=\"sc_item_title sc_title_title sc_item_title_style_default sc_item_title_tag\"\n\t\t\t><span class=\"sc_item_title_text\">Have any questions?<br>Submit the form<\/span><\/h1><\/div>\t\t\t\t<\/div>\n\t\t\t\t<\/div>\n\t\t\t\t<div class=\"elementor-element elementor-element-6220f95 sc_fly_static elementor-widget elementor-widget-spacer\" data-id=\"6220f95\" data-element_type=\"widget\" data-widget_type=\"spacer.default\">\n\t\t\t\t<div class=\"elementor-widget-container\">\n\t\t\t\t\t\t\t<div class=\"elementor-spacer\">\n\t\t\t<div class=\"elementor-spacer-inner\"><\/div>\n\t\t<\/div>\n\t\t\t\t\t\t<\/div>\n\t\t\t\t<\/div>\n\t\t\t\t<div data-animation-type=\"block\" class=\"elementor-element elementor-element-ce84a45 animation_type_block sc_fly_static elementor-invisible elementor-widget elementor-widget-text-editor\" data-id=\"ce84a45\" data-element_type=\"widget\" data-settings=\"{&quot;_animation&quot;:&quot;etude-fadeinup&quot;,&quot;_animation_delay&quot;:100}\" data-widget_type=\"text-editor.default\">\n\t\t\t\t<div class=\"elementor-widget-container\">\n\t\t\t\t\t\t\t\t\t<p>Do you have questions or need additional information? Use our contact form to contact us quickly and conveniently. Complete the form fields and our team will respond to your inquiry as quickly as possible.<\/p><p>\u00a0<\/p>\t\t\t\t\t\t\t\t<\/div>\n\t\t\t\t<\/div>\n\t\t\t\t<div class=\"elementor-element elementor-element-0d7c614 sc_fly_static elementor-widget elementor-widget-spacer\" data-id=\"0d7c614\" data-element_type=\"widget\" data-widget_type=\"spacer.default\">\n\t\t\t\t<div class=\"elementor-widget-container\">\n\t\t\t\t\t\t\t<div class=\"elementor-spacer\">\n\t\t\t<div class=\"elementor-spacer-inner\"><\/div>\n\t\t<\/div>\n\t\t\t\t\t\t<\/div>\n\t\t\t\t<\/div>\n\t\t\t\t\t<\/div>\n\t\t<\/div>\n\t\t\t\t<div class=\"elementor-column elementor-col-50 elementor-top-column elementor-element elementor-element-1a4b773 sc_content_align_inherit sc_layouts_column_icons_position_left sc_fly_static\" data-id=\"1a4b773\" data-element_type=\"column\">\n\t\t\t<div class=\"elementor-widget-wrap elementor-element-populated\">\n\t\t\t\t\t\t<div class=\"elementor-element elementor-element-aa64d27 sc_fly_static elementor-widget elementor-widget-spacer\" data-id=\"aa64d27\" data-element_type=\"widget\" data-widget_type=\"spacer.default\">\n\t\t\t\t<div class=\"elementor-widget-container\">\n\t\t\t\t\t\t\t<div class=\"elementor-spacer\">\n\t\t\t<div class=\"elementor-spacer-inner\"><\/div>\n\t\t<\/div>\n\t\t\t\t\t\t<\/div>\n\t\t\t\t<\/div>\n\t\t\t\t<div class=\"elementor-element elementor-element-0382836 sc_fly_static elementor-widget elementor-widget-trx_sc_contact_form_7\" data-id=\"0382836\" data-element_type=\"widget\" data-widget_type=\"trx_sc_contact_form_7.default\">\n\t\t\t\t<div class=\"elementor-widget-container\">\n\t\t\t\t\t\n<div class=\"wpcf7 no-js\" id=\"wpcf7-f1324-o1\" lang=\"en-US\" dir=\"ltr\" data-wpcf7-id=\"1324\">\n<div class=\"screen-reader-response\"><p role=\"status\" aria-live=\"polite\" aria-atomic=\"true\"><\/p> <ul><\/ul><\/div>\n<form action=\"\/en\/wp-json\/wp\/v2\/pages\/25110#wpcf7-f1324-o1\" method=\"post\" class=\"wpcf7-form init\" aria-label=\"Contact form\" novalidate=\"novalidate\" data-status=\"init\" data-trp-original-action=\"\/en\/wp-json\/wp\/v2\/pages\/25110#wpcf7-f1324-o1\">\n<div style=\"display: none;\">\n<input type=\"hidden\" name=\"_wpcf7\" value=\"1324\" \/>\n<input type=\"hidden\" name=\"_wpcf7_version\" value=\"6.0.2\" \/>\n<input type=\"hidden\" name=\"_wpcf7_locale\" value=\"en_US\" \/>\n<input type=\"hidden\" name=\"_wpcf7_unit_tag\" value=\"wpcf7-f1324-o1\" \/>\n<input type=\"hidden\" name=\"_wpcf7_container_post\" value=\"0\" \/>\n<input type=\"hidden\" name=\"_wpcf7_posted_data_hash\" value=\"\" \/>\n<\/div>\n<div class=\"form-style-3\">\n\t<div class=\"columns_wrap\">\n\t\t<div class=\"column-1_2\">\n\t\t\t<p><span class=\"style-line icon-name\"><span class=\"wpcf7-form-control-wrap\" data-name=\"your-name\"><input size=\"40\" maxlength=\"400\" class=\"wpcf7-form-control wpcf7-text wpcf7-validates-as-required\" aria-required=\"true\" aria-invalid=\"false\" placeholder=\"Name \/ Surname\" value=\"\" type=\"text\" name=\"your-name\" \/><\/span><\/span>\n\t\t\t<\/p>\n\t\t<\/div>\n\t\t<div class=\"column-1_2\">\n\t\t\t<p><span class=\"style-line icon-email\"><span class=\"wpcf7-form-control-wrap\" data-name=\"your-email\"><input size=\"40\" maxlength=\"400\" class=\"wpcf7-form-control wpcf7-email wpcf7-validates-as-required wpcf7-text wpcf7-validates-as-email\" aria-required=\"true\" aria-invalid=\"false\" placeholder=\"E-mail address\" value=\"\" type=\"email\" name=\"your-email\" \/><\/span><\/span>\n\t\t\t<\/p>\n\t\t<\/div>\n\t<\/div>\n\t<div class=\"columns_wrap\">\n\t\t<div class=\"column-1_2\">\n\t\t\t<p><span class=\"style-line icon-phone\"><span class=\"wpcf7-form-control-wrap\" data-name=\"phone\"><input size=\"40\" maxlength=\"400\" class=\"wpcf7-form-control wpcf7-tel wpcf7-validates-as-required wpcf7-text wpcf7-validates-as-tel\" aria-required=\"true\" aria-invalid=\"false\" placeholder=\"Phone number\" value=\"\" type=\"tel\" name=\"phone\" \/><\/span><\/span>\n\t\t\t<\/p>\n\t\t<\/div>\n\t\t<div class=\"column-1_2\">\n\t\t\t<p><span class=\"style-line icon-subject\"><span class=\"wpcf7-form-control-wrap\" data-name=\"subject\"><input size=\"40\" maxlength=\"400\" class=\"wpcf7-form-control wpcf7-text wpcf7-validates-as-required\" aria-required=\"true\" aria-invalid=\"false\" placeholder=\"Subject\" value=\"\" type=\"text\" name=\"subject\" \/><\/span><\/span>\n\t\t\t<\/p>\n\t\t<\/div>\n\t<\/div>\n\t<div class=\"columns_wrap margin-bottom\">\n\t\t<div class=\"column-1_1\">\n\t\t\t<p><span class=\"style-line icon-textarea\"><span class=\"wpcf7-form-control-wrap\" data-name=\"your-message\"><textarea cols=\"40\" rows=\"10\" maxlength=\"2000\" class=\"wpcf7-form-control wpcf7-textarea wpcf7-validates-as-required\" aria-required=\"true\" aria-invalid=\"false\" placeholder=\"How can we help you?\" name=\"your-message\"><\/textarea><\/span><\/span>\n\t\t\t<\/p>\n\t\t<\/div>\n\t<\/div>\n\t<p><input class=\"wpcf7-form-control wpcf7-submit has-spinner\" type=\"submit\" value=\"Send\" \/><span class=\"wpcf7-form-control-wrap\" data-name=\"acceptance\"><span class=\"wpcf7-form-control wpcf7-acceptance\"><span class=\"wpcf7-list-item\"><label><input type=\"checkbox\" name=\"acceptance\" value=\"1\" aria-invalid=\"false\" \/><span class=\"wpcf7-list-item-label\">I agree with the privacy policy <a href=\"https:\/\/ferax.pl\/en\/polityka-prywatnosci\/\">here<\/a>.<\/span><\/label><\/span><\/span><\/span>\n\t<\/p>\n<\/div><div class=\"wpcf7-response-output\" aria-hidden=\"true\"><\/div>\n<input type=\"hidden\" name=\"trp-form-language\" value=\"en\"\/><\/form>\n<\/div>\n\t\t\t\t<\/div>\n\t\t\t\t<\/div>\n\t\t\t\t\t<\/div>\n\t\t<\/div>\n\t\t\t\t\t<\/div>\n\t\t<\/section>\n\t\t\t\t<\/div>","protected":false},"excerpt":{"rendered":"<p>RAJSTOPY Wytwarzamy rajstopy i po\u0144czochy FERAX b\u0119d\u0105c liderem w produkcji rajstop, dostarcza produkty po\u0144czosznicze, kt\u00f3re od lat ciesz\u0105 si\u0119 uznaniem klient\u00f3w. Kolekcje obejmuj\u0105 rajstopy o r\u00f3\u017cnej grubo\u015bci \u2013 od delikatnych,&hellip;<\/p>","protected":false},"author":2,"featured_media":0,"parent":0,"menu_order":0,"comment_status":"closed","ping_status":"closed","template":"","meta":{"footnotes":""},"class_list":["post-25110","page","type-page","status-publish","hentry"],"yoast_head":"<!-- This site is optimized with the Yoast SEO plugin v24.2 - https:\/\/yoast.com\/wordpress\/plugins\/seo\/ -->\n<title>Rajstopy - FERAX<\/title>\n<meta name=\"robots\" content=\"index, follow, max-snippet:-1, max-image-preview:large, max-video-preview:-1\" \/>\n<link rel=\"canonical\" href=\"https:\/\/ferax.pl\/en\/rajstopy\/\" \/>\n<meta property=\"og:locale\" content=\"en_GB\" \/>\n<meta property=\"og:type\" content=\"article\" \/>\n<meta property=\"og:title\" content=\"Rajstopy - FERAX\" \/>\n<meta property=\"og:description\" content=\"RAJSTOPY Wytwarzamy rajstopy i po\u0144czochy FERAX b\u0119d\u0105c liderem w produkcji rajstop, dostarcza produkty po\u0144czosznicze, kt\u00f3re od lat ciesz\u0105 si\u0119 uznaniem klient\u00f3w. Kolekcje obejmuj\u0105 rajstopy o r\u00f3\u017cnej grubo\u015bci \u2013 od delikatnych,&hellip;\" \/>\n<meta property=\"og:url\" content=\"https:\/\/ferax.pl\/en\/rajstopy\/\" \/>\n<meta property=\"og:site_name\" content=\"FERAX\" \/>\n<meta property=\"article:modified_time\" content=\"2025-04-03T12:25:42+00:00\" \/>\n<meta name=\"twitter:card\" content=\"summary_large_image\" \/>\n<meta name=\"twitter:label1\" content=\"Estimated reading time\" \/>\n\t<meta name=\"twitter:data1\" content=\"1 minute\" \/>\n<script type=\"application\/ld+json\" class=\"yoast-schema-graph\">{\"@context\":\"https:\/\/schema.org\",\"@graph\":[{\"@type\":\"WebPage\",\"@id\":\"https:\/\/ferax.pl\/rajstopy\/\",\"url\":\"https:\/\/ferax.pl\/rajstopy\/\",\"name\":\"Rajstopy - FERAX\",\"isPartOf\":{\"@id\":\"https:\/\/ferax.pl\/#website\"},\"datePublished\":\"2025-01-17T09:56:36+00:00\",\"dateModified\":\"2025-04-03T12:25:42+00:00\",\"breadcrumb\":{\"@id\":\"https:\/\/ferax.pl\/rajstopy\/#breadcrumb\"},\"inLanguage\":\"en-GB\",\"potentialAction\":[{\"@type\":\"ReadAction\",\"target\":[\"https:\/\/ferax.pl\/rajstopy\/\"]}]},{\"@type\":\"BreadcrumbList\",\"@id\":\"https:\/\/ferax.pl\/rajstopy\/#breadcrumb\",\"itemListElement\":[{\"@type\":\"ListItem\",\"position\":1,\"name\":\"Strona g\u0142\u00f3wna\",\"item\":\"https:\/\/ferax.pl\/\"},{\"@type\":\"ListItem\",\"position\":2,\"name\":\"Rajstopy\"}]},{\"@type\":\"WebSite\",\"@id\":\"https:\/\/ferax.pl\/#website\",\"url\":\"https:\/\/ferax.pl\/\",\"name\":\"FERAX\",\"description\":\"Ponadczasowe marki z bran\u017cy tekstylnej\",\"publisher\":{\"@id\":\"https:\/\/ferax.pl\/#organization\"},\"potentialAction\":[{\"@type\":\"SearchAction\",\"target\":{\"@type\":\"EntryPoint\",\"urlTemplate\":\"https:\/\/ferax.pl\/?s={search_term_string}\"},\"query-input\":{\"@type\":\"PropertyValueSpecification\",\"valueRequired\":true,\"valueName\":\"search_term_string\"}}],\"inLanguage\":\"en-GB\"},{\"@type\":\"Organization\",\"@id\":\"https:\/\/ferax.pl\/#organization\",\"name\":\"FERAX\",\"url\":\"https:\/\/ferax.pl\/\",\"logo\":{\"@type\":\"ImageObject\",\"inLanguage\":\"en-GB\",\"@id\":\"https:\/\/ferax.pl\/#\/schema\/logo\/image\/\",\"url\":\"https:\/\/ferax.pl\/wp-content\/uploads\/2025\/01\/FERAX.png\",\"contentUrl\":\"https:\/\/ferax.pl\/wp-content\/uploads\/2025\/01\/FERAX.png\",\"width\":217,\"height\":42,\"caption\":\"FERAX\"},\"image\":{\"@id\":\"https:\/\/ferax.pl\/#\/schema\/logo\/image\/\"}}]}<\/script>\n<!-- \/ Yoast SEO plugin. -->","yoast_head_json":{"title":"Rajstopy - FERAX","robots":{"index":"index","follow":"follow","max-snippet":"max-snippet:-1","max-image-preview":"max-image-preview:large","max-video-preview":"max-video-preview:-1"},"canonical":"https:\/\/ferax.pl\/en\/rajstopy\/","og_locale":"en_GB","og_type":"article","og_title":"Rajstopy - FERAX","og_description":"RAJSTOPY Wytwarzamy rajstopy i po\u0144czochy FERAX b\u0119d\u0105c liderem w produkcji rajstop, dostarcza produkty po\u0144czosznicze, kt\u00f3re od lat ciesz\u0105 si\u0119 uznaniem klient\u00f3w. Kolekcje obejmuj\u0105 rajstopy o r\u00f3\u017cnej grubo\u015bci \u2013 od delikatnych,&hellip;","og_url":"https:\/\/ferax.pl\/en\/rajstopy\/","og_site_name":"FERAX","article_modified_time":"2025-04-03T12:25:42+00:00","twitter_card":"summary_large_image","twitter_misc":{"Estimated reading time":"1 minute"},"schema":{"@context":"https:\/\/schema.org","@graph":[{"@type":"WebPage","@id":"https:\/\/ferax.pl\/rajstopy\/","url":"https:\/\/ferax.pl\/rajstopy\/","name":"Rajstopy - FERAX","isPartOf":{"@id":"https:\/\/ferax.pl\/#website"},"datePublished":"2025-01-17T09:56:36+00:00","dateModified":"2025-04-03T12:25:42+00:00","breadcrumb":{"@id":"https:\/\/ferax.pl\/rajstopy\/#breadcrumb"},"inLanguage":"en-GB","potentialAction":[{"@type":"ReadAction","target":["https:\/\/ferax.pl\/rajstopy\/"]}]},{"@type":"BreadcrumbList","@id":"https:\/\/ferax.pl\/rajstopy\/#breadcrumb","itemListElement":[{"@type":"ListItem","position":1,"name":"Strona g\u0142\u00f3wna","item":"https:\/\/ferax.pl\/"},{"@type":"ListItem","position":2,"name":"Rajstopy"}]},{"@type":"WebSite","@id":"https:\/\/ferax.pl\/#website","url":"https:\/\/ferax.pl\/","name":"FERAX","description":"Ponadczasowe marki z bran\u017cy tekstylnej","publisher":{"@id":"https:\/\/ferax.pl\/#organization"},"potentialAction":[{"@type":"SearchAction","target":{"@type":"EntryPoint","urlTemplate":"https:\/\/ferax.pl\/?s={search_term_string}"},"query-input":{"@type":"PropertyValueSpecification","valueRequired":true,"valueName":"search_term_string"}}],"inLanguage":"en-GB"},{"@type":"Organization","@id":"https:\/\/ferax.pl\/#organization","name":"FERAX","url":"https:\/\/ferax.pl\/","logo":{"@type":"ImageObject","inLanguage":"en-GB","@id":"https:\/\/ferax.pl\/#\/schema\/logo\/image\/","url":"https:\/\/ferax.pl\/wp-content\/uploads\/2025\/01\/FERAX.png","contentUrl":"https:\/\/ferax.pl\/wp-content\/uploads\/2025\/01\/FERAX.png","width":217,"height":42,"caption":"FERAX"},"image":{"@id":"https:\/\/ferax.pl\/#\/schema\/logo\/image\/"}}]}},"_links":{"self":[{"href":"https:\/\/ferax.pl\/en\/wp-json\/wp\/v2\/pages\/25110","targetHints":{"allow":["GET"]}}],"collection":[{"href":"https:\/\/ferax.pl\/en\/wp-json\/wp\/v2\/pages"}],"about":[{"href":"https:\/\/ferax.pl\/en\/wp-json\/wp\/v2\/types\/page"}],"author":[{"embeddable":true,"href":"https:\/\/ferax.pl\/en\/wp-json\/wp\/v2\/users\/2"}],"replies":[{"embeddable":true,"href":"https:\/\/ferax.pl\/en\/wp-json\/wp\/v2\/comments?post=25110"}],"version-history":[{"count":20,"href":"https:\/\/ferax.pl\/en\/wp-json\/wp\/v2\/pages\/25110\/revisions"}],"predecessor-version":[{"id":25385,"href":"https:\/\/ferax.pl\/en\/wp-json\/wp\/v2\/pages\/25110\/revisions\/25385"}],"wp:attachment":[{"href":"https:\/\/ferax.pl\/en\/wp-json\/wp\/v2\/media?parent=25110"}],"curies":[{"name":"wp","href":"https:\/\/api.w.org\/{rel}","templated":true}]}}